{"id":3512,"date":"2025-11-11T18:20:41","date_gmt":"2025-11-11T17:20:41","guid":{"rendered":"https:\/\/tonality.at\/?page_id=3512"},"modified":"2026-01-19T11:21:54","modified_gmt":"2026-01-19T10:21:54","slug":"impressum","status":"publish","type":"page","link":"https:\/\/tonality.at\/en\/impressum\/","title":{"rendered":"Impressum"},"content":{"rendered":"<p>Verantwortlich f\u00fcr den Inhalt:<\/p>\n<section class=\"first-section\">\n<div class=\"container\">\n<div class=\"row justify-content-center\">\n<div class=\"col-md-11 col-lg-9\">\n<div class=\"contract-section legal\">\n<address><strong>Tonality Communications GmbH<\/strong><br \/>\nHauptplatz 15, A-2070 Retz<br \/>\n<a href=\"https:\/\/tonality.at\/de\/office@tonality.at\">office(at)tonality.at<\/a><br \/>\n+43 (0)2942 30606<br \/>\n<a href=\"http:\/\/tonality.at\/\">tonality.at<\/a><\/address>\n<address>Firmenbuchnummer: FN 417580 p<br \/>\nUID-Nummer: ATU68775177<br \/>\nGerichtstand Korneuburg<\/address>\n<h4 class=\"mt-4\">Bankverbindung<\/h4>\n<p>Erste Bank<br \/>\nIBAN: AT56 2011 1825 3380 2500<br \/>\nSWIFT: GIBAATWWXXX<\/p>\n<h4 class=\"mt-4\">Allgemeine Gesch\u00e4ftsbedigungen<\/h4>\n<p>Unsere AGB stehen unter\u00a0<a href=\"https:\/\/tonality.at\/wp-content\/uploads\/AGB-Tonality-Communications-GmbH-1.5.pdf\" target=\"_blank\" rel=\"noopener\">diesem Link<\/a>\u00a0als PDF zum Download bereit!<\/p>\n<h4 class=\"mt-4\">Website realisiert durch:<\/h4>\n<p>Tonality Communications, A-2070 Retz<br \/>\nBilder: tonality., Retzer Land \/ Astrid Bartl, Bernhard Raab<\/p>\n<h4 class=\"mt-4\">Haftungsauschluss:<\/h4>\n<p>1. Inhalt des Onlineangebotes<br \/>\nDer Autor \u00fcbernimmt keinerlei Gew\u00e4hr f\u00fcr die Aktualit\u00e4t, Korrektheit, Vollst\u00e4ndigkeit oder Qualit\u00e4t der bereitgestellten Informationen. Haftungsanspr\u00fcche gegen den Autor, die sich auf Sch\u00e4den materieller oder ideeller Art beziehen, welche durch die Nutzung oder Nichtnutzung der dargebotenen Informationen bzw. durch die Nutzung fehlerhafter und unvollst\u00e4ndiger Informationen verursacht wurden sind grunds\u00e4tzlich ausgeschlossen, sofern seitens des Autors kein nachweislich vors\u00e4tzliches oder grob fahrl\u00e4ssiges Verschulden vorliegt. Alle Angebote sind freibleibend und unverbindlich. Der Autor beh\u00e4lt es sich ausdr\u00fccklich vor, Teile der Seiten oder das gesamte Angebot ohne gesonderte Ank\u00fcndigung zu ver\u00e4ndern, zu erg\u00e4nzen, zu l\u00f6schen oder die Ver\u00f6ffentlichung zeitweise oder endg\u00fcltig einzustellen.<\/p>\n<p>2. Verweise und Links<br \/>\nSofern auf Verweisziele (\u201cLinks\u201d) direkt oder indirekt verwiesen wird, die au\u00dferhalb des Verantwortungsbereiches des Autors liegen, haftet dieser nur dann, wenn er von den Inhalten Kenntnis hat und es ihm technisch m\u00f6glich und zumutbar w\u00e4re, die Nutzung im Falle rechtswidriger Inhalte zu verhindern. F\u00fcr dar\u00fcber hinausgehende Inhalte und insbesondere f\u00fcr Sch\u00e4den, die aus der Nutzung oder Nichtnutzung solcherart dargebotener Informationen entstehen, haftet allein der Anbieter dieser Seiten, nicht derjenige, der \u00fcber Links auf die jeweilige Ver\u00f6ffentlichung lediglich verweist. Diese Einschr\u00e4nkung gilt gleicherma\u00dfen auch f\u00fcr Fremdeintr\u00e4ge in vom Autor eingerichteten G\u00e4steb\u00fcchern, Diskussionsforen und Mailinglisten.<\/p>\n<p>3. Urheberrecht<br \/>\nDer Autor ist bestrebt, in allen Publikationen die Urheberrechte der verwendeten Grafiken, Tondokumente, Texte und Videosequenzen zu beachten, von ihm selbst erstellte Grafiken, Tondokumente, Texte und Videosequenzen zu nutzen oder auf lizenzfreie Grafiken, Tondokumente, Texte und Videosequenzen zur\u00fcckzugreifen. Sollte sich auf den jeweiligen Seiten dennoch ungekennzeichnete, aber durch fremdes Copyright gesch\u00fctzte Grafiken, Tondokumente, Texte und Videosequenzen befinden, so konnte das Copyright vom Autor nicht festgestellt werden. Im Falle einer solchen unbeabsichtigten Copyrightverletzung wird der Autor das entsprechende Objekt nach Benachrichtigung aus seiner Publikation entfernen bzw. mit dem entsprechenden Copyright kenntlich machen. Das Copyright f\u00fcr ver\u00f6ffentlichte, vom Autor selbst erstellte Objekte bleibt allein beim Autor der Seiten. Eine Vervielf\u00e4ltigung oder Verwendung solcher Grafiken, Tondokumente, Texte und Videosequenzen in anderen elektronischen oder gedruckten Publikationen ist ohne ausdr\u00fcckliche Zustimmung des Autors nicht gestattet.<\/p>\n<p class=\"mb-0\">4. Rechtswirksamkeit dieses Haftungsausschlusses<br \/>\nDieser Haftungsausschluss ist als Teil des Internetangebotes zu betrachten, von dem aus auf diese Seite verwiesen wurde. Sofern Teile oder einzelne Formulierungen dieses Textes der geltenden Rechtslage nicht, nicht mehr oder nicht vollst\u00e4ndig entsprechen sollten, bleiben die \u00fcbrigen Teile des Dokumentes in ihrem Inhalt und ihrer G\u00fcltigkeit davon unber\u00fchrt.<\/p>\n<\/div>\n<\/div>\n<\/div>\n<\/div>\n<\/section>\n<p>&nbsp;<\/p>\n<footer>\n<div class=\"container-fluid\">\n<div class=\"row align-items-center\"><\/div>\n<\/div>\n<\/footer>\n","protected":false},"excerpt":{"rendered":"<p>Verantwortlich f\u00fcr den Inhalt: Tonality Communications GmbH Hauptplatz 15, A-2070 Retz office(at)tonality.at +43 (0)2942 30606 tonality.at Firmenbuchnummer: FN 417580 p UID-Nummer: ATU68775177 Gerichtstand Korneuburg Bankverbindung Erste Bank IBAN: AT56 2011 1825 3380 2500 SWIFT: GIBAATWWXXX Allgemeine Gesch\u00e4ftsbedigungen Unsere AGB stehen unter\u00a0diesem Link\u00a0als PDF zum Download bereit! Website realisiert durch: Tonality Communications, A-2070 Retz Bilder: tonality., [&hellip;]<\/p>\n","protected":false},"author":1,"featured_media":0,"parent":0,"menu_order":0,"comment_status":"closed","ping_status":"closed","template":"","meta":{"_acf_changed":false,"_seopress_robots_primary_cat":"","_seopress_titles_title":"","_seopress_titles_desc":"","_seopress_robots_index":"","iawp_total_views":86,"footnotes":""},"class_list":["post-3512","page","type-page","status-publish","hentry"],"acf":[],"publishpress_future_action":{"enabled":false,"date":"2026-05-02 15:46:10","action":"change-status","newStatus":"draft","terms":[],"taxonomy":"language","extraData":[]},"publishpress_future_workflow_manual_trigger":{"enabledWorkflows":[]},"_links":{"self":[{"href":"https:\/\/tonality.at\/en\/wp-json\/wp\/v2\/pages\/3512","targetHints":{"allow":["GET"]}}],"collection":[{"href":"https:\/\/tonality.at\/en\/wp-json\/wp\/v2\/pages"}],"about":[{"href":"https:\/\/tonality.at\/en\/wp-json\/wp\/v2\/types\/page"}],"author":[{"embeddable":true,"href":"https:\/\/tonality.at\/en\/wp-json\/wp\/v2\/users\/1"}],"replies":[{"embeddable":true,"href":"https:\/\/tonality.at\/en\/wp-json\/wp\/v2\/comments?post=3512"}],"version-history":[{"count":5,"href":"https:\/\/tonality.at\/en\/wp-json\/wp\/v2\/pages\/3512\/revisions"}],"predecessor-version":[{"id":8782,"href":"https:\/\/tonality.at\/en\/wp-json\/wp\/v2\/pages\/3512\/revisions\/8782"}],"wp:attachment":[{"href":"https:\/\/tonality.at\/en\/wp-json\/wp\/v2\/media?parent=3512"}],"curies":[{"name":"wp","href":"https:\/\/api.w.org\/{rel}","templated":true}]}}